{"id":107,"date":"2024-01-12T16:01:17","date_gmt":"2024-01-12T16:01:17","guid":{"rendered":"https:\/\/fundsazurza.org\/?page_id=107"},"modified":"2024-01-20T13:30:57","modified_gmt":"2024-01-20T13:30:57","slug":"actividades","status":"publish","type":"page","link":"https:\/\/fundsazurza.org\/index.php\/actividades\/","title":{"rendered":"Actividades \u00a0"},"content":{"rendered":"\t\t<div data-elementor-type=\"wp-page\" data-elementor-id=\"107\" class=\"elementor elementor-107\" data-elementor-post-type=\"page\">\n\t\t\t\t\t\t<section class=\"elementor-section elementor-top-section elementor-element elementor-element-361aa775 elementor-section-height-min-height elementor-section-items-top elementor-section-stretched elementor-section-boxed elementor-section-height-default\" data-id=\"361aa775\" data-element_type=\"section\" data-e-type=\"section\" data-settings=\"{&quot;background_background&quot;:&quot;classic&quot;,&quot;stretch_section&quot;:&quot;section-stretched&quot;}\">\n\t\t\t\t\t\t\t<div class=\"elementor-background-overlay\"><\/div>\n\t\t\t\t\t\t\t<div class=\"elementor-container elementor-column-gap-default\">\n\t\t\t\t\t<div class=\"elementor-column elementor-col-100 elementor-top-column elementor-element elementor-element-2e1f5449\" data-id=\"2e1f5449\" data-element_type=\"column\" data-e-type=\"column\">\n\t\t\t<div class=\"elementor-widget-wrap elementor-element-populated\">\n\t\t\t\t\t\t<div class=\"elementor-element elementor-element-2414ced4 elementor-invisible elementor-widget elementor-widget-heading\" data-id=\"2414ced4\" data-element_type=\"widget\" data-e-type=\"widget\" data-settings=\"{&quot;_animation&quot;:&quot;fadeInUp&quot;}\" data-widget_type=\"heading.default\">\n\t\t\t\t<div class=\"elementor-widget-container\">\n\t\t\t\t\t<h1 class=\"elementor-heading-title elementor-size-default\">ACTIVIDADES<\/h1>\t\t\t\t<\/div>\n\t\t\t\t<\/div>\n\t\t\t\t\t<\/div>\n\t\t<\/div>\n\t\t\t\t\t<\/div>\n\t\t<\/section>\n\t\t\t\t<section class=\"elementor-section elementor-top-section elementor-element elementor-element-15070583 elementor-section-boxed elementor-section-height-default elementor-section-height-default\" data-id=\"15070583\" data-element_type=\"section\" data-e-type=\"section\">\n\t\t\t\t\t\t<div class=\"elementor-container elementor-column-gap-default\">\n\t\t\t\t\t<div class=\"elementor-column elementor-col-100 elementor-top-column elementor-element elementor-element-69b067f\" data-id=\"69b067f\" data-element_type=\"column\" data-e-type=\"column\">\n\t\t\t<div class=\"elementor-widget-wrap elementor-element-populated\">\n\t\t\t\t\t\t<div class=\"elementor-element elementor-element-20b8a0b elementor-grid-eael-col-3 elementor-grid-tablet-eael-col-2 elementor-grid-mobile-eael-col-1 elementor-widget elementor-widget-eael-post-grid\" data-id=\"20b8a0b\" data-element_type=\"widget\" data-e-type=\"widget\" data-settings=\"{&quot;eael_post_grid_columns&quot;:&quot;eael-col-3&quot;,&quot;eael_post_grid_columns_tablet&quot;:&quot;eael-col-2&quot;,&quot;eael_post_grid_columns_mobile&quot;:&quot;eael-col-1&quot;}\" data-widget_type=\"eael-post-grid.default\">\n\t\t\t\t<div class=\"elementor-widget-container\">\n\t\t\t\t\t<div id=\"eael-post-grid-20b8a0b\" class=\"eael-post-grid-container\">\n            <div class=\"eael-post-grid eael-post-appender eael-post-appender-20b8a0b eael-post-grid-style-one\" data-layout-mode=\"masonry\"><article class=\"eael-grid-post  eael-post-grid-column eael-pg-post-237 category-blog\" data-id=\"237\">\n        <div class=\"eael-grid-post-holder\">\n            <div class=\"eael-grid-post-holder-inner\"><div class=\"eael-entry-media\"><div class=\"eael-entry-overlay fade-in\"><i class=\"fas fa-long-arrow-alt-right\" aria-hidden=\"true\"><\/i><a href=\"https:\/\/fundsazurza.org\/index.php\/2024\/01\/20\/comunitarios-en-la-zurza-realizan-marcha-por-el-dia-internacional-de-la-eliminacion-de-la-violencia-contra-la-mujer\/\"><\/a><\/div><div class=\"eael-entry-thumbnail \">\n                <img fetchpriority=\"high\" decoding=\"async\" width=\"768\" height=\"353\" src=\"https:\/\/fundsazurza.org\/wp-content\/uploads\/2024\/01\/image_6483441-768x353.jpg\" class=\"attachment-medium_large size-medium_large wp-image-238\" alt=\"\" srcset=\"https:\/\/fundsazurza.org\/wp-content\/uploads\/2024\/01\/image_6483441-768x353.jpg 768w, https:\/\/fundsazurza.org\/wp-content\/uploads\/2024\/01\/image_6483441-300x138.jpg 300w, https:\/\/fundsazurza.org\/wp-content\/uploads\/2024\/01\/image_6483441-1024x470.jpg 1024w, https:\/\/fundsazurza.org\/wp-content\/uploads\/2024\/01\/image_6483441.jpg 1280w\" sizes=\"(max-width: 768px) 100vw, 768px\" \/>\n            <\/div>\n        <\/div><div class=\"eael-entry-wrapper\"><header class=\"eael-entry-header\"><h3 class=\"eael-entry-title\"><a class=\"eael-grid-post-link\" href=\"https:\/\/fundsazurza.org\/index.php\/2024\/01\/20\/comunitarios-en-la-zurza-realizan-marcha-por-el-dia-internacional-de-la-eliminacion-de-la-violencia-contra-la-mujer\/\" title=\"Comunitarios en la Zurza realizan marcha por el D\u00eda Internacional de la Eliminaci\u00f3n de la Violencia contra la Mujer\">Comunitarios en la Zurza realizan marcha por el D\u00eda Internacional de la Eliminaci\u00f3n de la Violencia contra la Mujer<\/a><\/h3><\/header><div class=\"eael-entry-content\">\n                        <div class=\"eael-grid-post-excerpt\"><p>Decenas de comunitarios de diferentes organizaciones del sector la Zurza salieron a las calles de la barriada con pancartas en mano para...<\/p><a href=\"https:\/\/fundsazurza.org\/index.php\/2024\/01\/20\/comunitarios-en-la-zurza-realizan-marcha-por-el-dia-internacional-de-la-eliminacion-de-la-violencia-contra-la-mujer\/\" class=\"eael-post-elements-readmore-btn\">Leer m\u00e1s<\/a><\/div>\n                    <\/div><div class=\"eael-entry-footer\"><div class=\"eael-entry-meta\"><\/div><\/div><\/div><\/div>\n        <\/div>\n    <\/article><article class=\"eael-grid-post  eael-post-grid-column eael-pg-post-234 category-blog\" data-id=\"234\">\n        <div class=\"eael-grid-post-holder\">\n            <div class=\"eael-grid-post-holder-inner\"><div class=\"eael-entry-media\"><div class=\"eael-entry-overlay fade-in\"><i class=\"fas fa-long-arrow-alt-right\" aria-hidden=\"true\"><\/i><a href=\"https:\/\/fundsazurza.org\/index.php\/2024\/01\/20\/esfuerzo-de-comunitarios-evita-que-mas-de-7-toneladas-de-plastico-lleguen-al-rio-isabela\/\"><\/a><\/div><div class=\"eael-entry-thumbnail \">\n                <img decoding=\"async\" width=\"768\" height=\"373\" src=\"https:\/\/fundsazurza.org\/wp-content\/uploads\/2024\/01\/aea90625-fd6f-4d6b-9a7b-65d61c39164f-768x373.jpeg\" class=\"attachment-medium_large size-medium_large wp-image-235\" alt=\"\" srcset=\"https:\/\/fundsazurza.org\/wp-content\/uploads\/2024\/01\/aea90625-fd6f-4d6b-9a7b-65d61c39164f-768x373.jpeg 768w, https:\/\/fundsazurza.org\/wp-content\/uploads\/2024\/01\/aea90625-fd6f-4d6b-9a7b-65d61c39164f-300x146.jpeg 300w, https:\/\/fundsazurza.org\/wp-content\/uploads\/2024\/01\/aea90625-fd6f-4d6b-9a7b-65d61c39164f-1024x498.jpeg 1024w, https:\/\/fundsazurza.org\/wp-content\/uploads\/2024\/01\/aea90625-fd6f-4d6b-9a7b-65d61c39164f.jpeg 1280w\" sizes=\"(max-width: 768px) 100vw, 768px\" \/>\n            <\/div>\n        <\/div><div class=\"eael-entry-wrapper\"><header class=\"eael-entry-header\"><h3 class=\"eael-entry-title\"><a class=\"eael-grid-post-link\" href=\"https:\/\/fundsazurza.org\/index.php\/2024\/01\/20\/esfuerzo-de-comunitarios-evita-que-mas-de-7-toneladas-de-plastico-lleguen-al-rio-isabela\/\" title=\"Esfuerzo de comunitarios evita que m\u00e1s de 7 toneladas de pl\u00e1stico lleguen al r\u00edo Isabela\">Esfuerzo de comunitarios evita que m\u00e1s de 7 toneladas de pl\u00e1stico lleguen al r\u00edo Isabela<\/a><\/h3><\/header><div class=\"eael-entry-content\">\n                        <div class=\"eael-grid-post-excerpt\"><p>Durante toda la semana y con motivo a celebrarse el D\u00eda Mundial del Medio Ambiente se han estado realizando operativos de limpieza...<\/p><a href=\"https:\/\/fundsazurza.org\/index.php\/2024\/01\/20\/esfuerzo-de-comunitarios-evita-que-mas-de-7-toneladas-de-plastico-lleguen-al-rio-isabela\/\" class=\"eael-post-elements-readmore-btn\">Leer m\u00e1s<\/a><\/div>\n                    <\/div><div class=\"eael-entry-footer\"><div class=\"eael-entry-meta\"><\/div><\/div><\/div><\/div>\n        <\/div>\n    <\/article><article class=\"eael-grid-post  eael-post-grid-column eael-pg-post-230 category-blog\" data-id=\"230\">\n        <div class=\"eael-grid-post-holder\">\n            <div class=\"eael-grid-post-holder-inner\"><div class=\"eael-entry-media\"><div class=\"eael-entry-overlay fade-in\"><i class=\"fas fa-long-arrow-alt-right\" aria-hidden=\"true\"><\/i><a href=\"https:\/\/fundsazurza.org\/index.php\/2024\/01\/20\/jovenes-de-la-zurza-realizan-exhibicion-de-artesanias-con-materiales-reciclables\/\"><\/a><\/div><div class=\"eael-entry-thumbnail \">\n                <img decoding=\"async\" width=\"768\" height=\"346\" src=\"https:\/\/fundsazurza.org\/wp-content\/uploads\/2024\/01\/image3-1-768x346.jpeg\" class=\"attachment-medium_large size-medium_large wp-image-231\" alt=\"\" srcset=\"https:\/\/fundsazurza.org\/wp-content\/uploads\/2024\/01\/image3-1-768x346.jpeg 768w, https:\/\/fundsazurza.org\/wp-content\/uploads\/2024\/01\/image3-1-300x135.jpeg 300w, https:\/\/fundsazurza.org\/wp-content\/uploads\/2024\/01\/image3-1-1024x462.jpeg 1024w, https:\/\/fundsazurza.org\/wp-content\/uploads\/2024\/01\/image3-1.jpeg 1280w\" sizes=\"(max-width: 768px) 100vw, 768px\" \/>\n            <\/div>\n        <\/div><div class=\"eael-entry-wrapper\"><header class=\"eael-entry-header\"><h3 class=\"eael-entry-title\"><a class=\"eael-grid-post-link\" href=\"https:\/\/fundsazurza.org\/index.php\/2024\/01\/20\/jovenes-de-la-zurza-realizan-exhibicion-de-artesanias-con-materiales-reciclables\/\" title=\"J\u00f3venes de la zurza realizan exhibici\u00f3n de artesan\u00edas con materiales reciclables\">J\u00f3venes de la zurza realizan exhibici\u00f3n de artesan\u00edas con materiales reciclables<\/a><\/h3><\/header><div class=\"eael-entry-content\">\n                        <div class=\"eael-grid-post-excerpt\"><p>Artesan\u00edas con materiales reciclados, hechas por ni\u00f1os de la comunidad de La Zurza, se exhiben en el Metro de Santo Domingo. SANTO...<\/p><a href=\"https:\/\/fundsazurza.org\/index.php\/2024\/01\/20\/jovenes-de-la-zurza-realizan-exhibicion-de-artesanias-con-materiales-reciclables\/\" class=\"eael-post-elements-readmore-btn\">Leer m\u00e1s<\/a><\/div>\n                    <\/div><div class=\"eael-entry-footer\"><div class=\"eael-entry-meta\"><\/div><\/div><\/div><\/div>\n        <\/div>\n    <\/article><\/div>\n            <div class=\"clearfix\"><\/div>\n        <\/div>\t\t\t\t<\/div>\n\t\t\t\t<\/div>\n\t\t\t\t\t<\/div>\n\t\t<\/div>\n\t\t\t\t\t<\/div>\n\t\t<\/section>\n\t\t\t\t<\/div>\n\t\t","protected":false},"excerpt":{"rendered":"<p>ACTIVIDADES Comunitarios en la Zurza realizan marcha por el D\u00eda Internacional de la Eliminaci\u00f3n de la Violencia contra la Mujer Decenas de comunitarios de diferentes organizaciones del sector la Zurza salieron a las calles de la barriada con pancartas en mano para&#8230; Leer m\u00e1s Esfuerzo de comunitarios evita que m\u00e1s de 7 toneladas de pl\u00e1stico [&hellip;]<\/p>\n","protected":false},"author":1,"featured_media":0,"parent":0,"menu_order":0,"comment_status":"closed","ping_status":"closed","template":"elementor_header_footer","meta":{"footnotes":""},"class_list":["post-107","page","type-page","status-publish","hentry"],"_links":{"self":[{"href":"https:\/\/fundsazurza.org\/index.php\/wp-json\/wp\/v2\/pages\/107","targetHints":{"allow":["GET"]}}],"collection":[{"href":"https:\/\/fundsazurza.org\/index.php\/wp-json\/wp\/v2\/pages"}],"about":[{"href":"https:\/\/fundsazurza.org\/index.php\/wp-json\/wp\/v2\/types\/page"}],"author":[{"embeddable":true,"href":"https:\/\/fundsazurza.org\/index.php\/wp-json\/wp\/v2\/users\/1"}],"replies":[{"embeddable":true,"href":"https:\/\/fundsazurza.org\/index.php\/wp-json\/wp\/v2\/comments?post=107"}],"version-history":[{"count":31,"href":"https:\/\/fundsazurza.org\/index.php\/wp-json\/wp\/v2\/pages\/107\/revisions"}],"predecessor-version":[{"id":245,"href":"https:\/\/fundsazurza.org\/index.php\/wp-json\/wp\/v2\/pages\/107\/revisions\/245"}],"wp:attachment":[{"href":"https:\/\/fundsazurza.org\/index.php\/wp-json\/wp\/v2\/media?parent=107"}],"curies":[{"name":"wp","href":"https:\/\/api.w.org\/{rel}","templated":true}]}}